{"id":95,"date":"2023-04-11T18:23:52","date_gmt":"2023-04-11T16:23:52","guid":{"rendered":"https:\/\/ambasciatapraga.esteri.it\/?page_id=95"},"modified":"2024-07-24T10:00:55","modified_gmt":"2024-07-24T07:00:55","slug":"fare-affari-in-tanzania","status":"publish","type":"page","link":"https:\/\/ambdaressalaam.esteri.it\/it\/italia-e-tanzania\/diplomazia-economica\/fare-affari-in-tanzania\/","title":{"rendered":"Fare affari in Tanzania"},"content":{"rendered":"<div class=\"flex-1 overflow-hidden\">\n<div class=\"react-scroll-to-bottom--css-ynpgx-79elbk h-full dark:bg-gray-800\">\n<div class=\"react-scroll-to-bottom--css-ynpgx-1n7m0yu\">\n<div class=\"flex flex-col text-sm dark:bg-gray-800\">\n<div class=\"group final-completion w-full text-token-text-primary border-b border-black\/10 gizmo:border-0 dark:border-gray-900\/50 gizmo:dark:border-0 bg-gray-50 gizmo:bg-transparent dark:bg-[#444654] gizmo:dark:bg-transparent\" data-testid=\"conversation-turn-9\">\n<div class=\"p-4 justify-center text-base md:gap-6 md:py-6 m-auto\">\n<div class=\"flex flex-1 gap-4 text-base mx-auto md:gap-6 gizmo:gap-3 gizmo:md:px-5 gizmo:lg:px-1 gizmo:xl:px-5 md:max-w-2xl lg:max-w-[38rem] gizmo:md:max-w-3xl gizmo:lg:max-w-[40rem] gizmo:xl:max-w-[48rem] xl:max-w-3xl }\">\n<div class=\"relative flex w-[calc(100%-50px)] flex-col gizmo:w-full lg:w-[calc(100%-115px)] agent-turn\">\n<div class=\"flex-col gap-1 md:gap-3\">\n<div class=\"flex flex-grow flex-col gap-3 max-w-full\">\n<div class=\"min-h-[20px] flex flex-col items-start gap-3 whitespace-pre-wrap break-words overflow-x-auto\">\n<div class=\"markdown prose w-full break-words dark:prose-invert light\"><strong>Perch\u00e9 Investire in Tanzania: Punti di Forza del Paese<\/strong><\/div>\n<\/div>\n<\/div>\n<div class=\"flex justify-between empty:hidden gizmo:justify-start gizmo:gap-3 lg:block\">\n<div class=\"text-gray-400 flex self-end lg:self-center justify-center gizmo:lg:justify-start mt-2 gizmo:mt-0 visible lg:gap-1 lg:absolute lg:top-0 lg:translate-x-full lg:right-0 lg:mt-0 lg:pl-2 gap-2 md:gap-3\">\n<p><strong>Stabilit\u00e0 Politica e Crescita Economica Sostenuta<\/strong><br \/>\nDal conseguimento dell&#8217;indipendenza nel 1961, la Tanzania ha mantenuto una notevole <em>stabilit\u00e0 politica e sociale<\/em>, nonostante la sua diversit\u00e0 etnica e religiosa. Recentemente, nel luglio 2020, il paese ha ottenuto lo status di reddito medio-basso, indicativo del suo <em>rapido sviluppo economico<\/em>. Con una popolazione giovane, di cui quasi un terzo risiede in aree urbane, la Tanzania offre un mercato in crescita con una solida base demografica.<\/p>\n<p><strong>Posizione Geografica Strategica<\/strong><br \/>\nCome il paese pi\u00f9 grande dell&#8217;Africa orientale con accesso all&#8217;Oceano Indiano, la Tanzania funge da hub naturale per sei nazioni senza sbocco sul mare. Il governo sta attivamente potenziando l&#8217;efficienza del porto di Dar es Salaam e sviluppando una rete ferroviaria per collegare la regione dei Grandi Laghi, consolidando cos\u00ec la sua posizione di gateway commerciale.<\/p>\n<p><strong>Ricchezza di Risorse Naturali<\/strong><br \/>\nCon un&#8217;abbondanza di risorse naturali e un vasto potenziale agricolo, la Tanzania attrae investimenti significativi in settori chiave come l&#8217;energia, il petrolio, il gas, l&#8217;agricoltura e il turismo. Le opportunit\u00e0 per le imprese straniere sono diversificate e promettenti, sostenute da una robusta infrastruttura e dalle politiche governative favorevoli agli investimenti.<\/p>\n<p><strong>Incentivi e Sviluppo Economico<\/strong><br \/>\nLa Tanzania offre numerose opportunit\u00e0 di appalto per progetti pubblici di rilievo. Tuttavia, vi \u00e8 spazio per migliorare l&#8217;adozione di tecnologie moderne, mentre l&#8217;Autorit\u00e0 Tanzaniana per gli Investimenti (TIC) promuove settori chiave come l&#8217;IT, le risorse naturali, l&#8217;agricoltura e il turismo attraverso la sua strategia nazionale di sviluppo degli investimenti.<\/p>\n<p><strong>Partnership con l&#8217;Italia<\/strong><br \/>\nL&#8217;Italia e la Tanzania vantano relazioni bilaterali solide e amichevoli. L&#8217;Italia \u00e8 un investitore significativo nel paese, con contributi che evidenziano un impegno duraturo e reciproco. Le imprese italiane continuano a giocare un ruolo chiave nel supportare lo sviluppo socio-economico della Tanzania attraverso progetti strategici e partnership durature.<\/p>\n<p><strong>Settori di Investimento Chiave<\/strong><\/p>\n<ul>\n<li><strong>Agricoltura e Risorse Naturali<\/strong>: Con vasti terreni coltivabili e una posizione geografica ideale per l&#8217;esportazione, l&#8217;agricoltura rimane un pilastro dell&#8217;economia tanzaniana, offrendo opportunit\u00e0 per migliorare la produttivit\u00e0 e modernizzare le pratiche agricole.<\/li>\n<li><strong>Turismo<\/strong>: Con paesaggi mozzafiato e una ricca diversit\u00e0 naturale, il turismo in Tanzania continua a crescere, attrarre investimenti nel settore alberghiero e delle infrastrutture turistiche, nonostante le sfide globali recenti.<\/li>\n<li><strong>Energia<\/strong>: La Tanzania espande la sua capacit\u00e0 energetica attraverso progetti di gas, idroelettrici e rinnovabili, creando opportunit\u00e0 per gli investitori nel settore dell&#8217;energia.<\/li>\n<li><strong>Manifatturiero e Commercio<\/strong>: Nonostante le sfide, il settore manifatturiero offre potenziali per la crescita delle esportazioni e l&#8217;espansione regionale, sostenendo la diversificazione economica del paese.<\/li>\n<\/ul>\n<p><strong>Conclusioni<\/strong><br \/>\nCon una crescita economica robusta, una posizione strategica in Africa orientale e una ricca base di risorse naturali, la Tanzania si presenta come un <em>mercato emergente attrattivo<\/em> per gli investitori internazionali. Sostenuta da politiche favorevoli agli investimenti e da un ambiente di business in miglioramento, il paese offre una piattaforma solida per il successo a lungo termine nelle sfide economiche globali.<\/p>\n<div class=\"flex gap-1 gizmo:gap-3\"><\/div>\n<\/div>\n<\/div>\n<\/div>\n<\/div>\n<\/div>\n<\/div>\n<\/div>\n<div class=\"h-32 md:h-48 flex-shrink-0\"><\/div>\n<p>&nbsp;<\/p>\n<\/div>\n<\/div>\n<\/div>\n<\/div>\n<div class=\"w-full pt-2 border-t md:border-t-0 dark:border-white\/20 md:border-transparent md:dark:border-transparent md:pl-2 md:w-[calc(100%-.5rem)] absolute bottom-0 left-0 md:bg-vert-light-gradient bg-white dark:bg-gray-800 md:!bg-transparent dark:md:bg-vert-dark-gradient\">\n<form class=\"stretch mx-2 flex flex-row gap-3 last:mb-2 md:mx-4 md:last:mb-6 lg:mx-auto lg:max-w-2xl xl:max-w-3xl\">\n<div class=\"relative flex h-full flex-1 items-stretch md:flex-col\">\n<div>\n<div class=\"h-full flex ml-1 md:w-full md:m-auto md:mb-4 gap-0 md:gap-2 justify-center\"><\/div>\n<\/div>\n<\/div>\n<\/form>\n<\/div>\n","protected":false},"excerpt":{"rendered":"Perch\u00e9 Investire in Tanzania: Punti di Forza del Paese Stabilit\u00e0 Politica e Crescita Economica Sostenuta Dal conseguimento dell&#8217;indipendenza nel 1961, la Tanzania ha mantenuto una notevole stabilit\u00e0 politica e sociale, nonostante la sua diversit\u00e0 etnica e religiosa. Recentemente, nel luglio 2020, il paese ha ottenuto lo status di reddito medio-basso, indicativo del suo rapido sviluppo [&hellip;]","protected":false},"author":1,"featured_media":0,"parent":43,"menu_order":0,"comment_status":"closed","ping_status":"closed","template":"","meta":{"footnotes":""},"class_list":["post-95","page","type-page","status-publish","hentry"],"_links":{"self":[{"href":"https:\/\/ambdaressalaam.esteri.it\/it\/wp-json\/wp\/v2\/pages\/95","targetHints":{"allow":["GET"]}}],"collection":[{"href":"https:\/\/ambdaressalaam.esteri.it\/it\/wp-json\/wp\/v2\/pages"}],"about":[{"href":"https:\/\/ambdaressalaam.esteri.it\/it\/wp-json\/wp\/v2\/types\/page"}],"author":[{"embeddable":true,"href":"https:\/\/ambdaressalaam.esteri.it\/it\/wp-json\/wp\/v2\/users\/1"}],"replies":[{"embeddable":true,"href":"https:\/\/ambdaressalaam.esteri.it\/it\/wp-json\/wp\/v2\/comments?post=95"}],"version-history":[{"count":5,"href":"https:\/\/ambdaressalaam.esteri.it\/it\/wp-json\/wp\/v2\/pages\/95\/revisions"}],"predecessor-version":[{"id":3178,"href":"https:\/\/ambdaressalaam.esteri.it\/it\/wp-json\/wp\/v2\/pages\/95\/revisions\/3178"}],"up":[{"embeddable":true,"href":"https:\/\/ambdaressalaam.esteri.it\/it\/wp-json\/wp\/v2\/pages\/43"}],"wp:attachment":[{"href":"https:\/\/ambdaressalaam.esteri.it\/it\/wp-json\/wp\/v2\/media?parent=95"}],"curies":[{"name":"wp","href":"https:\/\/api.w.org\/{rel}","templated":true}]}}