{"id":75,"date":"2023-04-11T18:20:20","date_gmt":"2023-04-11T16:20:20","guid":{"rendered":"https:\/\/ambasciatapraga.esteri.it\/?page_id=75"},"modified":"2024-09-18T13:33:39","modified_gmt":"2024-09-18T10:33:39","slug":"codice-fiscale","status":"publish","type":"page","link":"https:\/\/ambdaressalaam.esteri.it\/it\/servizi-consolari-e-visti\/servizi-per-il-cittadino-italiano\/codice-fiscale\/","title":{"rendered":"Codice Fiscale"},"content":{"rendered":"<p>Il codice fiscale, che costituisce lo strumento di identificazione del cittadino nei rapporti con gli enti e le amministrazioni pubbliche italiane, viene rilasciato dall\u2019Agenzia delle Entrate.<br \/>\nEsso pu\u00f2 essere richiesto all\u2019estero, sia dagli italiani che dagli stranieri residenti nella circoscrizione, per il tramite dell\u2019Ufficio consolare.<br \/>\nL\u2019attribuzione del codice fiscale avviene attraverso un apposito collegamento telematico con il servizio Fisconline dell\u2019Agenzia delle Entrate.<\/p>\n<p>CITTADINI ITALIANI RESIDENTI ISCRITTI AIRE<\/p>\n<p><strong>A partire dal 15 luglio 2024 i cittadini italiani maggiorenni iscritti all\u2019AIRE possono chiedere il codice fiscale, per se stessi e per i figli minorenni, attraverso il portale telematico Fast-it accedendo al relativo servizio e seguendo le indicazioni. Sempre attraverso il portale Fast-it sar\u00e0 possibile scaricare il certificato di attestazione del Codice fiscale, una volta che sar\u00e0 stata completata la lavorazione della pratica.<\/strong><\/p>\n<p>Coloro che vogliano ricevere anche\u00a0<strong>il tesserino del codice fiscale<\/strong>, devono fare richiesta del codice fiscale e del tesserino presentando un modulo di richiesta unitamente alla copia di un documento d\u2019identit\u00e0 (secondo la modalit\u00e0 gi\u00e0 in uso).<\/p>\n<p>Per le specifiche modalit\u00e0 di presentazione del modulo di richiesta all\u2019Ufficio consolare competente si suggerisce di visitare il sito web dello stesso Ufficio.<\/p>\n<p>CITTADINI STRANIERI<\/p>\n<p>Gli stranieri residenti nella circoscrizione che necessitino il codice fiscale devono fare richiesta presentando un modulo di richiesta unitamente alla copia di un documento d\u2019identit\u00e0.<\/p>\n<p>Per le specifiche modalit\u00e0 di presentazione del modulo di richiesta all\u2019Ufficio consolare competente si suggerisce di visitare il sito web dello stesso Ufficio.<\/p>\n<p>Il cittadino straniero non comunitario che necessiti del codice fiscale per una procedura con la Pubblica Amministrazione italiana, per la quale sia richiesto, oltre al codice fiscale, anche l\u2019ingresso e la presenza in Italia, deve richiedere l\u2019attribuzione del C.F. in Italia, allo Sportello Unico dell\u2019Immigrazione o alla Questura al momento della richiesta del permesso di soggiorno (come evidenziato nella Mini guida codice fiscale per stranieri, pubblicata dall\u2019Agenzia delle Entrate in 18 lingue L\u2019Agenzia \u2013\u00a0<a href=\"https:\/\/www.agenziaentrate.gov.it\/portale\/web\/guest\/mini-guida-codice-fiscale-per-stranieri\">Mini guida codice fiscale per stranieri \u2013 Agenzia delle Entrate (agenziaentrate.gov.it)<\/a>.<\/p>\n<p>&nbsp;<\/p>\n","protected":false},"excerpt":{"rendered":"Il codice fiscale, che costituisce lo strumento di identificazione del cittadino nei rapporti con gli enti e le amministrazioni pubbliche italiane, viene rilasciato dall\u2019Agenzia delle Entrate. Esso pu\u00f2 essere richiesto all\u2019estero, sia dagli italiani che dagli stranieri residenti nella circoscrizione, per il tramite dell\u2019Ufficio consolare. L\u2019attribuzione del codice fiscale avviene attraverso un apposito collegamento telematico [&hellip;]","protected":false},"author":1,"featured_media":0,"parent":47,"menu_order":18,"comment_status":"closed","ping_status":"closed","template":"","meta":{"footnotes":""},"class_list":["post-75","page","type-page","status-publish","hentry"],"_links":{"self":[{"href":"https:\/\/ambdaressalaam.esteri.it\/it\/wp-json\/wp\/v2\/pages\/75","targetHints":{"allow":["GET"]}}],"collection":[{"href":"https:\/\/ambdaressalaam.esteri.it\/it\/wp-json\/wp\/v2\/pages"}],"about":[{"href":"https:\/\/ambdaressalaam.esteri.it\/it\/wp-json\/wp\/v2\/types\/page"}],"author":[{"embeddable":true,"href":"https:\/\/ambdaressalaam.esteri.it\/it\/wp-json\/wp\/v2\/users\/1"}],"replies":[{"embeddable":true,"href":"https:\/\/ambdaressalaam.esteri.it\/it\/wp-json\/wp\/v2\/comments?post=75"}],"version-history":[{"count":4,"href":"https:\/\/ambdaressalaam.esteri.it\/it\/wp-json\/wp\/v2\/pages\/75\/revisions"}],"predecessor-version":[{"id":3424,"href":"https:\/\/ambdaressalaam.esteri.it\/it\/wp-json\/wp\/v2\/pages\/75\/revisions\/3424"}],"up":[{"embeddable":true,"href":"https:\/\/ambdaressalaam.esteri.it\/it\/wp-json\/wp\/v2\/pages\/47"}],"wp:attachment":[{"href":"https:\/\/ambdaressalaam.esteri.it\/it\/wp-json\/wp\/v2\/media?parent=75"}],"curies":[{"name":"wp","href":"https:\/\/api.w.org\/{rel}","templated":true}]}}