{"id":71,"date":"2023-04-11T18:19:16","date_gmt":"2023-04-11T16:19:16","guid":{"rendered":"https:\/\/ambasciatapraga.esteri.it\/?page_id=71"},"modified":"2023-10-27T10:27:09","modified_gmt":"2023-10-27T07:27:09","slug":"servizi-notarili","status":"publish","type":"page","link":"https:\/\/ambdaressalaam.esteri.it\/it\/servizi-consolari-e-visti\/servizi-per-il-cittadino-italiano\/servizi-notarili\/","title":{"rendered":"Servizi notarili"},"content":{"rendered":"<h2><\/h2>\n<p align=\"justify\">L\u2019Ufficio Notarile del Consolato \u00e8 deputato a ricevere gli atti tra vivi e quelli di ultima volont\u00e0, a curare il loro deposito ed a rilasciarne copie ed estratti.<br \/>\nIl servizio notarile \u00e8 dovuto ai cittadini italiani che si trovino all&#8217;estero in via permanente o temporanea.<\/p>\n<p>I servizi notarili pi\u00f9 frequentemente richiesti ad un Ufficio consolare sono:<\/p>\n<ol>\n<li>\n<div>Procure<\/div>\n<\/li>\n<li>\n<div>Testamento Pubblico<\/div>\n<\/li>\n<li>\n<div>Atti Pubblici<\/div>\n<\/li>\n<li>\n<div>Attivit\u00e0 di Autenticazione<\/div>\n<\/li>\n<\/ol>\n<p><strong>PROCURE<\/strong><br \/>\nLa procura \u00e8 un atto con il quale si d\u00e0 la facolt\u00e0 ad un\u2019altra persona di agire in propria vece e rappresentanza ed a compiere gli atti necessari per raggiungere un determinato scopo (es. vendere, acquistare, amministrare, fare donazione, accettare donazione, costituire o sciogliere societ\u00e0, richiedere pubblicazioni di matrimonio, ecc.).<\/p>\n<p>Le procure si dividono in due categorie:<\/p>\n<ul>\n<li>procure generali: con questi atti l&#8217;interessato affida al rappresentante la gestione di tutti i suoi affari, sia presenti sia futuri. La procura generale \u00e8 rilasciata a tempo indeterminato.<\/li>\n<li>procure speciali: con questi atti l&#8217;interessato affida al rappresentante la gestione di una parte dei suoi affari. La procura speciale cessa di avere efficacia nel momento in cui l\u2019incarico particolare per il quale \u00e8 stata rilasciata si conclude.<\/li>\n<\/ul>\n<p align=\"justify\">\n<p align=\"justify\"><strong>TESTAMENTO PUBBLICO<\/p>\n<p><\/strong>Tra le attivit\u00e0 proprie dell&#8217;Ufficio notarile presso un Consolato rientra la redazione di alcuni atti concernenti le dichiarazioni di ultima volont\u00e0 di soggetti che si trovano all&#8217;estero.<br \/>\nIl testamento pubblico \u00e8 la dichiarazione di volont\u00e0 del testatore resa ad un funzionario delegato alle funzioni notarili in presenza di due testimoni e redatta in forma scritta.<br \/>\nNel testamento segreto, invece, le funzioni dell\u2019Ufficio notarile si limitano al ricevimento formale dell&#8217;atto (il cui contenuto rimane segreto) ed al suo deposito nell&#8217;Ufficio.<br \/>\nIl testamento olografo, infine, non necessita della stesura da parte di un funzionario dell&#8217;Ufficio notarile e pu\u00f2 essere depositato in ogni luogo e presso chiunque. Solitamente esso viene depositato presso l&#8217;Ufficio notarile al fine di evitare la possibilit\u00e0 di un suo smarrimento e per assicurarne l&#8217;immediata pubblicazione alla morte del testatore.<\/p>\n<p><strong>ATTI PUBBLICI<\/p>\n<p><\/strong>Si tratta di una tipologia di atti giuridici (come ad esempio l&#8217;atto di donazione) per i quali la legge prevede la forma dell&#8217;atto pubblico.<\/p>\n<p><strong>ATTIVIT\u00c0 DI AUTENTICAZIONE<\/p>\n<p><\/strong>L&#8217;attivit\u00e0 di autenticazione \u00e8 normalmente svolta da un pubblico funzionario del Consolato ma pu\u00f2 anche essere svolta da un funzionario delegato alle funzioni notarili. Trattasi in particolare di:<\/p>\n<ol>\n<li>\n<div>AUTENTICA DI FIRMA: consiste nell&#8217;attestazione da parte del pubblico funzionario della provenienza di un atto da parte del soggetto che lo ha firmato.<br \/>\nPer procedere all&#8217;autenticazione della firma, \u00e8 necessario presentarsi personalmente presso l\u2019Ufficio Notarile con un documento di riconoscimento ed il proprio codice fiscale;<\/div>\n<\/li>\n<li>\n<div>AUTENTICA DI FOTOGRAFIA: a tal fine \u00e8 necessario presentarsi personalmente presso l\u2019Ufficio Notarile con un documento di riconoscimento e tre fotografie uguali.<\/div>\n<\/li>\n<\/ol>\n<p><strong>L\u2019AUTOCERTIFICAZIONE<\/p>\n<p><\/strong>Per &#8220;autocertificazione&#8221; si intende &#8220;la certificazione prodotta dall\u2019interessato in sostituzione della normale certificazione&#8221; (art.2, legge 15\/1968). Essa rappresenta cio\u00e8 la possibilit\u00e0 per il cittadino di fornire le stesse notizie presenti in un registro pubblico in modo pi\u00f9 semplice e con meno oneri.<\/p>\n<p>La possibilit\u00e0 di avvalersi dell\u2019autocertificazione \u00e8 concessa a tutti i cittadini italiani e dei Paesi europei.<\/p>\n<p>La facolt\u00e0 di avvalersi di dichiarazioni sostitutive \u00e8 stata estesa anche ai cittadini extracomunitari regolarmente soggiornanti in Italia limitatamente ai dati verificabili o certificabili in Italia da soggetti pubblici.<\/p>\n<p>L\u2019autocertificazione e le dichiarazioni sostitutive possono essere utilizzate nei rapporti con la Pubblica Amministrazione e con i concessionari e i gestori di pubblici servizi.<br \/>\nNon possono invece essere utilizzate nei rapporti tra i privati, salvo che gli stessi non vi acconsentano, e davanti all\u2019autorit\u00e0 giudiziaria nello svolgimento di funzioni giurisdizionali.<\/p>\n<p><strong>Certificati sostituiti dall\u2019autocertificazione<\/p>\n<p><\/strong>L\u2019autocertificazione pu\u00f2 essere sostitutiva di:<\/p>\n<ol>\n<li>NORMALI CERTIFICAZIONI<br \/>\nSi pu\u00f2 dunque ricorrere all\u2019autocertificazione nei seguenti casi:<br \/>\n&#8211; data e luogo di nascita;<br \/>\n&#8211; residenza;<br \/>\n&#8211; cittadinanza;<br \/>\n&#8211; godimento dei diritti politici;<br \/>\n&#8211; stato di celibe, coniugato o vedovo;<br \/>\n&#8211; stato di famiglia;<br \/>\n&#8211; esistenza in vita;<br \/>\n&#8211; nascita del figlio;<br \/>\n&#8211; decesso del coniuge, dell\u2019ascendente o discendente;<br \/>\n&#8211; posizione agli effetti degli obblighi militari;<br \/>\n&#8211; iscrizione in albi o elenchi tenuti dalla Pubblica Amministrazione;<br \/>\n&#8211; titoli di studio acquisiti;<br \/>\n&#8211; qualifiche professionali;<br \/>\n&#8211; esami sostenuti universitari e di stato;<br \/>\n&#8211; titoli di specializzazione;<br \/>\n&#8211; titoli di abilitazione;<br \/>\n&#8211; titoli di formazione;<br \/>\n&#8211; titoli di aggiornamento;<br \/>\n&#8211; titoli di qualificazione tecnica;<br \/>\n&#8211; situazione reddituale o economica anche ai fini della concessione di benefici e vantaggi di qualsiasi tipo previsti da leggi speciali;<br \/>\n&#8211; assolvimento di specifici obblighi contributivi con l\u2019indicazione dell\u2019ammontare;<br \/>\n&#8211; codice fiscale o partita IVA;<br \/>\n&#8211; qualsiasi dato dell\u2019anagrafe tributaria;<br \/>\n&#8211; stato di disoccupazione;<br \/>\n&#8211; qualit\u00e0 di pensionato e categoria di pensione;<br \/>\n&#8211; qualit\u00e0 di studente;<br \/>\n&#8211; qualit\u00e0 di casalinga;<br \/>\n&#8211; qualit\u00e0 di legale rappresentante di persone fisiche o giuridiche, di tutore, di curatore e simili;<br \/>\n&#8211; iscrizione presso associazioni o formazioni sociali di qualsiasi tipo;<br \/>\n&#8211; adempimento o meno degli obblighi militari compresi quelli di cui all\u2019art. 77 del D.P.R. n. 237\/64 come modificato dall\u2019art. 22 della legge 958\/86;<br \/>\n&#8211; assenza di condanne penali;<br \/>\n&#8211; qualit\u00e0 di vivenza a carico;<br \/>\n&#8211; tutti i dati a diretta conoscenza dell\u2019interessato contenuti nei registri dello stato civile.<\/li>\n<\/ol>\n<p><strong>Modalit\u00e0 della dichiarazione sostitutiva di certificati:<\/p>\n<p><\/strong>La dichiarazione sostitutiva delle normali certificazioni si pu\u00f2 fare scrivendo su carta semplice e firmando sotto la propria ed esclusiva responsabilit\u00e0 (non \u00e8 necessario firmare davanti all\u2019impiegato) o compilando dichiarazioni sostitutive.<br \/>\nInoltre, \u00e8 possibile trasmettere documenti, atti e certificati per fax, per posta o mezzo telematico e informatico alle Amministrazioni Pubbliche.<\/p>\n<p><strong>ATTI NOTORI<\/p>\n<p><\/strong>Gli interessati possono ricorrere all\u2019autocertificazione per tutti gli stati, fatti e qualit\u00e0 personali che non siano certificabili da parte di una pubblica amministrazione, mediante dichiarazione sostitutiva dell\u2019atto di notoriet\u00e0 ai sensi dell\u2019art.47 del DPR 445\/2000.<br \/>\nInoltre, la dichiarazione sostitutiva dell\u2019atto di notoriet\u00e0 pu\u00f2 riguardare anche circostanze relative ad altri soggetti, di cui il dichiarante abbia diretta conoscenza, nonch\u00e9 la possibilit\u00e0 di attestare la conformit\u00e0 all\u2019originale di una pubblicazione.<\/p>\n<p>La dichiarazione sostitutiva di atti notori pu\u00f2 essere fatta dichiarando fatti, stati o qualit\u00e0 personali a diretta conoscenza dell\u2019interessato dinanzi al funzionario competente a ricevere la documentazione, o dinanzi a un notaio, cancelliere, segretario comunale o altro funzionario incaricato dal sindaco.<\/p>\n<p>Qualora si tratti di stati, fatti e qualit\u00e0 personali certificabili o attestabili da parte di un altro soggetto pubblico e l\u2019amministrazione ritenga necessario controllare la veridicit\u00e0 delle dichiarazioni, ha a disposizione 15 giorni di tempo dalle dichiarazioni per richiedere la necessaria documentazione.<\/p>\n<p><strong>Validit\u00e0 delle dichiarazioni sostitutive di normali certificazioni e di atti notori:<\/p>\n<p><\/strong>le dichiarazioni sostitutive hanno la stessa validit\u00e0 degli atti che sostituiscono.<br \/>\nNormalmente i certificati hanno validit\u00e0 per sei mesi dalla data in cui sono stati rilasciati, salvo che norme di legge o regolamentari non dispongano una validit\u00e0 superiore. La validit\u00e0 delle certificazioni anagrafiche e quelle relative allo stato civile \u00e8 prolungabile se l\u2019interessato dichiara che i dati contenuti nel certificato non hanno subito modifiche e sottoscrive tale dichiarazione.<\/p>\n<p>Hanno validit\u00e0 illimitata, invece, i certificati e le dichiarazioni sostitutive che attestano stati e fatti personali che non sono soggetti a modificazioni (certificati di nascita, di morte, titoli di studio, ecc.).<\/p>\n<p><strong>Quali sono i casi in cui l\u2019autocertificazione non \u00e8 MAI ammessa<\/p>\n<p><\/strong>La possibilit\u00e0 di avvalersi dell\u2019autocertificazione non \u00e8 mai ammessa per i certificati:<\/p>\n<ul>\n<li>medici;<\/li>\n<li>sanitari;<\/li>\n<li>veterinari;<\/li>\n<li>di origine;<\/li>\n<li>di conformit\u00e0 all\u2019Ue;<\/li>\n<li>marchi;<\/li>\n<li>brevetti.<\/li>\n<\/ul>\n<p><strong>Casi in cui la Pubblica Amministrazione NON PUO\u2019 pi\u00f9 chiedere certificazioni ai cittadini<\/p>\n<p><\/strong>Nel caso in cui si debba certificare i dati relativi a cognome, nome, luogo e data di nascita, cittadinanza, stato civile e residenza, la Pubblica Amministrazione non pu\u00f2 pi\u00f9 chiedere certificazioni ma \u00e8 sufficiente l\u2019esibizione di un documento di riconoscimento.<br \/>\nLa registrazione dei dati avviene attraverso la fotocopia non autenticata del documento stesso.<br \/>\nSe il documento non \u00e8 pi\u00f9 valido, l\u2019interessato deve dichiarare, in margine alla fotocopia, che i dati contenuti nel documento non sono variati dalla data del rilascio.<\/p>\n<p><strong>Sanzioni per i cittadini che forniscono dichiarazioni non veritiere<\/p>\n<p><\/strong>Se le amministrazioni hanno dubbi sulla veridicit\u00e0 delle autocertificazioni, sono tenute a effettuare i controlli necessari.<br \/>\nNel caso vengano riscontrate dichiarazioni mendaci, la falsit\u00e0 negli atti e l\u2019uso di atti falsi sono puniti ai sensi del codice penale e delle leggi in materia.<br \/>\nIl dichiarante inoltre decade dai benefici eventualmente conseguiti grazie a provvedimenti basati su dichiarazioni non veritiere.<\/p>\n<p><strong>Documenti di riconoscimento e di identit\u00e0<\/p>\n<p><\/strong>In tutti i casi in cui viene richiesto un documento di identit\u00e0 esso pu\u00f2 essere sostituito da un documento di riconoscimento equipollente. Sono equipollenti alla carta di identit\u00e0:<\/p>\n<ul>\n<li>Il passaporto;<\/li>\n<li>La patente di guida;<\/li>\n<li>La patente nautica;<\/li>\n<li>Il libretto di pensione;<\/li>\n<li>Il patentino di abilitazione alla conduzione di impianti termici;<\/li>\n<li>Il porto d\u2019armi;<\/li>\n<li>Le tessere di riconoscimento rilasciate da un\u2019Amministrazione dello Stato, purch\u00e8 munite di fotografia e di timbro o altra segnatura equivalente.<\/li>\n<\/ul>\n<p>Nel caso il documento sia scaduto, esso pu\u00f2 essere ugualmente esibito, con una dichiarazione dell\u2019interessato sulla fotocopia del documento che i dati in esso contenuti non sono cambiati.<\/p>\n","protected":false},"excerpt":{"rendered":"L\u2019Ufficio Notarile del Consolato \u00e8 deputato a ricevere gli atti tra vivi e quelli di ultima volont\u00e0, a curare il loro deposito ed a rilasciarne copie ed estratti. Il servizio notarile \u00e8 dovuto ai cittadini italiani che si trovino all&#8217;estero in via permanente o temporanea. I servizi notarili pi\u00f9 frequentemente richiesti ad un Ufficio consolare [&hellip;]","protected":false},"author":1,"featured_media":0,"parent":47,"menu_order":10,"comment_status":"closed","ping_status":"closed","template":"","meta":{"footnotes":""},"class_list":["post-71","page","type-page","status-publish","hentry"],"_links":{"self":[{"href":"https:\/\/ambdaressalaam.esteri.it\/it\/wp-json\/wp\/v2\/pages\/71","targetHints":{"allow":["GET"]}}],"collection":[{"href":"https:\/\/ambdaressalaam.esteri.it\/it\/wp-json\/wp\/v2\/pages"}],"about":[{"href":"https:\/\/ambdaressalaam.esteri.it\/it\/wp-json\/wp\/v2\/types\/page"}],"author":[{"embeddable":true,"href":"https:\/\/ambdaressalaam.esteri.it\/it\/wp-json\/wp\/v2\/users\/1"}],"replies":[{"embeddable":true,"href":"https:\/\/ambdaressalaam.esteri.it\/it\/wp-json\/wp\/v2\/comments?post=71"}],"version-history":[{"count":2,"href":"https:\/\/ambdaressalaam.esteri.it\/it\/wp-json\/wp\/v2\/pages\/71\/revisions"}],"predecessor-version":[{"id":433,"href":"https:\/\/ambdaressalaam.esteri.it\/it\/wp-json\/wp\/v2\/pages\/71\/revisions\/433"}],"up":[{"embeddable":true,"href":"https:\/\/ambdaressalaam.esteri.it\/it\/wp-json\/wp\/v2\/pages\/47"}],"wp:attachment":[{"href":"https:\/\/ambdaressalaam.esteri.it\/it\/wp-json\/wp\/v2\/media?parent=71"}],"curies":[{"name":"wp","href":"https:\/\/api.w.org\/{rel}","templated":true}]}}