{"id":43,"date":"2023-04-11T18:10:30","date_gmt":"2023-04-11T16:10:30","guid":{"rendered":"https:\/\/ambasciatapraga.esteri.it\/?page_id=43"},"modified":"2024-07-24T10:25:48","modified_gmt":"2024-07-24T07:25:48","slug":"diplomazia-economica","status":"publish","type":"page","link":"https:\/\/ambdaressalaam.esteri.it\/it\/italia-e-tanzania\/diplomazia-economica\/","title":{"rendered":"Diplomazia economica"},"content":{"rendered":"<p>Le relazioni economiche tra l&#8217;Italia e la Tanzania hanno conosciuto una crescita costante nel corso degli anni. L&#8217;interscambio commerciale tra i due paesi si basa su una variet\u00e0 di settori, tra cui l&#8217;industria, l&#8217;agricoltura, il turismo e la cooperazione tecnica. Di seguito sono riportati alcuni punti chiave riguardo alle relazioni economiche e all&#8217;interscambio commerciale tra l&#8217;Italia e la Tanzania:<\/p>\n<p><strong>Commercio bilaterale<\/strong><br \/>\nNegli ultimi anni, il commercio bilaterale tra l&#8217;Italia e la Tanzania \u00e8 cresciuto in modo significativo. L&#8217;Italia esporta una variet\u00e0 di prodotti, tra cui macchinari, prodotti chimici, attrezzature elettriche ed elettroniche, prodotti farmaceutici, e prodotti alimentari verso la Tanzania.<\/p>\n<p>Dall&#8217;altra parte, la Tanzania esporta principalmente prodotti agricoli, minerali e risorse naturali, tra cui caff\u00e8, t\u00e8, cotone, pesce, minerali e gemme.<\/p>\n<p><strong>Investimenti diretti<\/strong><br \/>\nL&#8217;Italia ha mostrato un interesse crescente a investire in Tanzania, in particolare nei settori del turismo e dell&#8217;agricoltura. Questi investimenti hanno contribuito allo sviluppo delle infrastrutture turistiche e agricole del paese africano.<\/p>\n<p>Le imprese italiane sono coinvolte anche in progetti di energia rinnovabile e nella costruzione di infrastrutture, contribuendo al progresso dell&#8217;infrastruttura tanzaniana.<\/p>\n<p><strong>Turismo<\/strong><br \/>\nIl settore turistico \u00e8 uno dei principali punti di forza delle relazioni economiche tra i due paesi. L&#8217;Italia \u00e8 una destinazione popolare per i turisti tanzaniani, e la Tanzania \u00e8 conosciuta per la sua ricca offerta turistica, tra cui parchi nazionali, riserve naturali e le famose isole di Zanzibar.<\/p>\n<p>Le compagnie aeree italiane offrono voli diretti verso la Tanzania, agevolando il turismo e gli scambi culturali tra i due paesi.<\/p>\n<p><strong>Cooperazione tecnica ed economica<\/strong><br \/>\nL&#8217;Italia ha svolto un ruolo attivo nella cooperazione tecnica ed economica con la Tanzania, finanziando progetti di sviluppo in settori chiave come l&#8217;agricoltura sostenibile, la sanit\u00e0 e l&#8217;istruzione.<\/p>\n<p>Questi progetti contribuiscono al miglioramento delle condizioni di vita e allo sviluppo socioeconomico della Tanzania.<\/p>\n<p><strong>Sfide e opportunit\u00e0 future<\/strong><br \/>\nNonostante la crescita nell&#8217;interscambio commerciale, ci sono ancora sfide da affrontare, come la necessit\u00e0 di migliorare le infrastrutture e semplificare le procedure commerciali per favorire gli scambi bilaterali.<\/p>\n<p>Le opportunit\u00e0 future nelle relazioni economiche tra l&#8217;Italia e la Tanzania includono il potenziamento degli investimenti in settori chiave come l&#8217;energia rinnovabile, l&#8217;agricoltura e l&#8217;industria manifatturiera.<\/p>\n<p>In sintesi, le relazioni economiche tra l&#8217;Italia e la Tanzania sono in costante evoluzione, con una crescente cooperazione economica e commerciale che beneficia entrambi i paesi. Gli investimenti, il commercio e la cooperazione tecnica sono elementi chiave di questa relazione, e si prevede che continueranno a crescere nei prossimi anni, apportando benefici economici e sociali sia all&#8217;Italia che alla Tanzania.<\/p>\n<p>&nbsp;<\/p>\n<p>&nbsp;<\/p>\n","protected":false},"excerpt":{"rendered":"Le relazioni economiche tra l&#8217;Italia e la Tanzania hanno conosciuto una crescita costante nel corso degli anni. L&#8217;interscambio commerciale tra i due paesi si basa su una variet\u00e0 di settori, tra cui l&#8217;industria, l&#8217;agricoltura, il turismo e la cooperazione tecnica. Di seguito sono riportati alcuni punti chiave riguardo alle relazioni economiche e all&#8217;interscambio commerciale tra [&hellip;]","protected":false},"author":1,"featured_media":0,"parent":14,"menu_order":0,"comment_status":"closed","ping_status":"closed","template":"","meta":{"footnotes":""},"class_list":["post-43","page","type-page","status-publish","hentry"],"_links":{"self":[{"href":"https:\/\/ambdaressalaam.esteri.it\/it\/wp-json\/wp\/v2\/pages\/43","targetHints":{"allow":["GET"]}}],"collection":[{"href":"https:\/\/ambdaressalaam.esteri.it\/it\/wp-json\/wp\/v2\/pages"}],"about":[{"href":"https:\/\/ambdaressalaam.esteri.it\/it\/wp-json\/wp\/v2\/types\/page"}],"author":[{"embeddable":true,"href":"https:\/\/ambdaressalaam.esteri.it\/it\/wp-json\/wp\/v2\/users\/1"}],"replies":[{"embeddable":true,"href":"https:\/\/ambdaressalaam.esteri.it\/it\/wp-json\/wp\/v2\/comments?post=43"}],"version-history":[{"count":6,"href":"https:\/\/ambdaressalaam.esteri.it\/it\/wp-json\/wp\/v2\/pages\/43\/revisions"}],"predecessor-version":[{"id":3189,"href":"https:\/\/ambdaressalaam.esteri.it\/it\/wp-json\/wp\/v2\/pages\/43\/revisions\/3189"}],"up":[{"embeddable":true,"href":"https:\/\/ambdaressalaam.esteri.it\/it\/wp-json\/wp\/v2\/pages\/14"}],"wp:attachment":[{"href":"https:\/\/ambdaressalaam.esteri.it\/it\/wp-json\/wp\/v2\/media?parent=43"}],"curies":[{"name":"wp","href":"https:\/\/api.w.org\/{rel}","templated":true}]}}