{"id":429,"date":"2023-10-27T10:12:21","date_gmt":"2023-10-27T07:12:21","guid":{"rendered":"https:\/\/ambdaressalaam.esteri.it\/?page_id=429"},"modified":"2024-03-19T11:31:25","modified_gmt":"2024-03-19T08:31:25","slug":"celebrazione-del-matrimonio-e-regime-patrimoniale-dei-coniugi","status":"publish","type":"page","link":"https:\/\/ambdaressalaam.esteri.it\/it\/servizi-consolari-e-visti\/servizi-per-il-cittadino-italiano\/stato-civile\/celebrazione-del-matrimonio-e-regime-patrimoniale-dei-coniugi\/","title":{"rendered":"Celebrazione del matrimonio e regime patrimoniale dei coniugi"},"content":{"rendered":"<p style=\"text-align: justify;\"><strong>Matrimonio<\/strong><\/p>\n<p style=\"text-align: justify;\"><strong>Celebrazione del matrimonio presso le autorit\u00e0 di stato civile tanzaniane<\/strong><\/p>\n<p style=\"text-align: justify;\">Se vuoi sposarti in Tanzania devi presentare alle autorit\u00e0 di stato civile tanzaniane un certificato di nulla-osta al matrimonio rilasciato dalla nostra Ambasciata. Non sar\u00e0 necessario effettuare le pubblicazioni di matrimonio che invece sono previste nel caso di matrimonio presso le autorit\u00e0 italiane.<\/p>\n<p style=\"text-align: justify;\">Per chiedere il certificato di nulla-osta al matrimonio segui questi passi:<\/p>\n<p style=\"text-align: justify;\"><strong>STEP 1 \u2013 Raccogli i seguenti documenti:<\/strong><\/p>\n<ul style=\"text-align: justify;\">\n<li>se sei iscritto all\u2019Aire: compila il <strong><a href=\"https:\/\/ambdaressalaam.esteri.it\/wp-content\/uploads\/2023\/11\/modulo_richiesta_nulla_osta_matrimonio.pdf\">modulo<\/a><\/strong>\u00a0di richiesta del certificato di nulla-osta al matrimonio<\/li>\n<li>se non sei iscritto all\u2019AIRE: compila il\u00a0<a href=\"https:\/\/ambdaressalaam.esteri.it\/wp-content\/uploads\/2023\/11\/modulo_richiesta_nulla_osta_matrimonio.pdf\"><strong>modulo<\/strong><\/a>\u00a0e richiedi anche un\u00a0<strong>certificato di stato libero<\/strong>\u00a0al tuo Comune di residenza;<\/li>\n<li><strong>il tuo passaporto<\/strong> in corso di validit\u00e0<\/li>\n<li><strong>la somma in contanti in scellini tanzaniani<\/strong>\u00a0per pagare la tariffa consolare prevista per il rilascio del certificato. Per l\u2019importo clicca\u00a0<strong><a href=\"https:\/\/ambdaressalaam.esteri.it\/wp-content\/uploads\/2023\/11\/Tariffe-consolari.pdf\">qui<\/a><\/strong>.<\/li>\n<\/ul>\n<p style=\"text-align: justify;\"><strong>STEP 2 \u2013 Appuntamento allo sportello<\/strong><\/p>\n<p style=\"text-align: justify;\">Scrivi un email alla Cancelleria consolare all\u2019indirizzo:\u00a0<u><a href=\"mailto:cons.dar@esteri.it\">cons.dar@esteri.it<\/a><\/u> per prendere un appuntamento per il rilascio del certificato di Nulla Osta al matrimonio.<\/p>\n<p style=\"text-align: justify;\">Il giorno dell\u2019appuntamento vieni allo sportello con i documenti indicati in\u00a0<strong>STEP 1<\/strong>.<\/p>\n<p style=\"text-align: justify;\"><strong>Attenzione!<\/strong><\/p>\n<p style=\"text-align: justify;\">La legge italiana prevede che se la donna che intende contrarre matrimonio e\u2019 divorziata, il matrimonio pu\u00f2 essere celebrato dopo 300 giorni dallo scioglimento, dall\u2019annullamento o dalla cessazione degli effetti civili del precedente matrimonio. Ne consegue che il certificato di capacit\u00e0 matrimoniale pu\u00f2 essere rilasciato solo se sono trascorsi 300 giorni dalla trascrizione e annotazione della sentenza di divorzio nel Comune Italiano.<\/p>\n<p style=\"text-align: justify;\"><strong>Celebrazione del matrimonio nel Comune italiano o in Ambasciata<\/strong><\/p>\n<p style=\"text-align: justify;\">Se desideri sposarti dinanzi alle autorit\u00e0 italiane \u00e8 necessario effettuare le pubblicazioni di matrimonio che sono previste dalla normativa italiana (articolo 51, comma 1, del DPR 3 novembre 2000, n. 396).<\/p>\n<p style=\"text-align: justify;\"><strong>A chi ti devi rivolgere per effettuare le pubblicazioni di matrimonio:<\/strong><\/p>\n<ol style=\"text-align: justify;\">\n<li>Se sei residente nella nostra Circoscrizione consolare e iscritto all\u2019Aire ti devi rivolgere alla Cancelleria consolare.<\/li>\n<li>Se uno dei due nubendi risiede in Italia, la richiesta di pubblicazioni pu\u00f2 essere presentata anche soltanto al Comune italiano di residenza che ci chieder\u00e0 di effettuare le pubblicazioni in Ambasciata per la parte di nostra competenza.<\/li>\n<li>Se uno dei due nubendi risiede in un\u2019altra Circoscrizione consolare, le pubblicazioni saranno effettuate in ciascuna Ambasciata o Consolato competente.<\/li>\n<\/ol>\n<p style=\"text-align: justify;\"><strong>Per chiedere alla nostra Ambasciata di provvedere alle pubblicazioni di matrimonio segui questi passi:<\/strong><\/p>\n<p style=\"text-align: justify;\"><strong>STEP 1 \u2013 Raccogli i seguenti documenti:<\/strong><\/p>\n<p style=\"text-align: justify;\">Per il cittadino italiano:<\/p>\n<ul style=\"text-align: justify;\">\n<li><strong>certificato contestuale di cittadinanza, residenza e stato libero<\/strong>(autocertificabile con questo <a href=\"https:\/\/ambdaressalaam.esteri.it\/wp-content\/uploads\/2023\/11\/dichiarazione_sostitutiva_di_certificazioni2.pdf\"><strong>modulo<\/strong><\/a>);<\/li>\n<li><strong>copia del passaporto <\/strong>in corso di validit\u00e0;<\/li>\n<li><strong>istanza <\/strong>pubblicazioni di matrimonio (clicca <strong><a href=\"https:\/\/ambdaressalaam.esteri.it\/wp-content\/uploads\/2023\/11\/Richiesta-istanza-di-celebrazione-matrimonio-consolare-1.pdf\">qui<\/a><\/strong>\u00a0per il modulo).<\/li>\n<\/ul>\n<p style=\"text-align: justify;\">Per il cittadino\/a tanzaniano:<\/p>\n<ul style=\"text-align: justify;\">\n<li><strong>certificato di nascita<\/strong><\/li>\n<li><strong>certificato di residenza recente<\/strong><\/li>\n<li><strong>copia del passaporto in corso di validit\u00e0<\/strong>.<\/li>\n<\/ul>\n<p style=\"text-align: justify;\">Tutti i certificati tanzaniani devono essere legalizzati con Apostille rilasciata dal Ministero degli Affari Esteri tanzaniano e debbono essere tradotti in italiano. Vai alla pagina cliccando <a href=\"https:\/\/ambdaressalaam.esteri.it\/wp-content\/uploads\/2023\/11\/qui.pdf\"><strong>qui<\/strong><\/a>.<\/p>\n<p style=\"text-align: justify;\"><strong>STEP 2 \u2013 Appuntamento allo sportello<\/strong><\/p>\n<p style=\"text-align: justify;\">Scrivi un email alla Cancelleria consolare all\u2019indirizzo:\u00a0<u><a href=\"mailto:cons.dar@esteri.it\">cons.dar@esteri.it<\/a><\/u>\u00a0per prendere un appuntamento per firmare il verbale delle pubblicazioni di matrimonio. Il giorno dell\u2019appuntamento dovranno presentarsi entrambi i nubendi muniti dei documenti indicati in\u00a0<strong>STEP 1<\/strong>.<\/p>\n<p style=\"text-align: justify;\">Vi verr\u00e0 chiesto di pagare l\u2019imposta di bollo e la tassa per l\u2019affissione delle pubblicazioni e per il rilascio del certificato di avvenuta pubblicazione di matrimonio (vedi <strong><a href=\"https:\/\/ambdaressalaam.esteri.it\/wp-content\/uploads\/2023\/11\/Tariffe-consolari.pdf\">tariffe consolari<\/a><\/strong>).<\/p>\n<p style=\"text-align: justify;\"><strong>STEP 3 \u2013 Affissione dell\u2019atto di pubblicazione<\/strong><\/p>\n<p style=\"text-align: justify;\">Le pubblicazioni matrimoniali saranno pubblicate sul sito web dell\u2019Ambasciata alla pagina Pubblicazioni Albo consolare per un periodo di otto giorni consecutivi.<\/p>\n<p style=\"text-align: justify;\"><strong>STEP 4 \u2013 Certificato di eseguite pubblicazioni<\/strong><\/p>\n<p style=\"text-align: justify;\">Il quarto giorno dalle compiute pubblicazioni la procedura si conclude con l\u2019emissione del \u201ccertificato di eseguite pubblicazioni di matrimonio\u2019\u2019 che ha una validit\u00e0 di 180 giorni. Se decorre questo termine, per poter contrarre matrimonio occorrer\u00e0 ripetere le pubblicazioni.<\/p>\n<p style=\"text-align: justify;\">Scrivi un email a\u00a0<u><a href=\"mailto:cons.dar@esteri.it\">cons.dar@esteri.it<\/a><\/u>\u00a0per concordare la procedura da seguire dopo il rilascio del certificato di eseguite pubblicazioni di matrimonio.<\/p>\n<p style=\"text-align: justify;\"><strong>Regime patrimoniale di comunione o separazione dei beni<\/strong><\/p>\n<p style=\"text-align: justify;\">In Tanzania la comunione patrimoniale tra i coniugi \u00e8 la situazione standard, a meno di un\u2019esplicita richiesta di separazione dei beni da parte degli interessati.<\/p>\n<p style=\"text-align: justify;\">Allo stesso modo per la normativa italiana, se i coniugi vogliono adottare in Italia il regime patrimoniale di separazione dei beni devono sottoscrivere un atto notarile presso l\u2019Ambasciata che sar\u00e0 inviato in Italia per la registrazione presso il Comune di iscrizione A.I.R.E. o di residenza.<\/p>\n<p style=\"text-align: justify;\">L\u2019atto notarile pu\u00f2 essere rogato al momento della richiesta di trascrizione dell\u2019atto di matrimonio, oppure successivamente.<\/p>\n<p style=\"text-align: justify;\">In entrambi i casi \u00e8 necessario prendere un appuntamento a cui dovranno essere presenti entrambi i coniugi muniti del passaporto. Scrivi un email a: <u><a href=\"mailto:cons.dar@esteri.it\">cons.dar@esteri.it<\/a><\/u><\/p>\n<p style=\"text-align: justify;\"><strong>Attenzione!<\/strong>\u00a0Il regime di separazione dei beni decorre dalla data dell\u2019atto notarile sottoscritto in Ambasciata.<\/p>\n","protected":false},"excerpt":{"rendered":"Matrimonio Celebrazione del matrimonio presso le autorit\u00e0 di stato civile tanzaniane Se vuoi sposarti in Tanzania devi presentare alle autorit\u00e0 di stato civile tanzaniane un certificato di nulla-osta al matrimonio rilasciato dalla nostra Ambasciata. Non sar\u00e0 necessario effettuare le pubblicazioni di matrimonio che invece sono previste nel caso di matrimonio presso le autorit\u00e0 italiane. Per [&hellip;]","protected":false},"author":4,"featured_media":0,"parent":68,"menu_order":5,"comment_status":"closed","ping_status":"closed","template":"","meta":{"footnotes":""},"class_list":["post-429","page","type-page","status-publish","hentry"],"_links":{"self":[{"href":"https:\/\/ambdaressalaam.esteri.it\/it\/wp-json\/wp\/v2\/pages\/429","targetHints":{"allow":["GET"]}}],"collection":[{"href":"https:\/\/ambdaressalaam.esteri.it\/it\/wp-json\/wp\/v2\/pages"}],"about":[{"href":"https:\/\/ambdaressalaam.esteri.it\/it\/wp-json\/wp\/v2\/types\/page"}],"author":[{"embeddable":true,"href":"https:\/\/ambdaressalaam.esteri.it\/it\/wp-json\/wp\/v2\/users\/4"}],"replies":[{"embeddable":true,"href":"https:\/\/ambdaressalaam.esteri.it\/it\/wp-json\/wp\/v2\/comments?post=429"}],"version-history":[{"count":6,"href":"https:\/\/ambdaressalaam.esteri.it\/it\/wp-json\/wp\/v2\/pages\/429\/revisions"}],"predecessor-version":[{"id":2814,"href":"https:\/\/ambdaressalaam.esteri.it\/it\/wp-json\/wp\/v2\/pages\/429\/revisions\/2814"}],"up":[{"embeddable":true,"href":"https:\/\/ambdaressalaam.esteri.it\/it\/wp-json\/wp\/v2\/pages\/68"}],"wp:attachment":[{"href":"https:\/\/ambdaressalaam.esteri.it\/it\/wp-json\/wp\/v2\/media?parent=429"}],"curies":[{"name":"wp","href":"https:\/\/api.w.org\/{rel}","templated":true}]}}