{"id":397,"date":"2023-10-26T13:31:47","date_gmt":"2023-10-26T10:31:47","guid":{"rendered":"https:\/\/ambdaressalaam.esteri.it\/?page_id=397"},"modified":"2025-07-03T15:57:08","modified_gmt":"2025-07-03T12:57:08","slug":"passaporto-per-maggiorenni","status":"publish","type":"page","link":"https:\/\/ambdaressalaam.esteri.it\/it\/servizi-consolari-e-visti\/servizi-per-il-cittadino-italiano\/passaporto-per-maggiorenni\/","title":{"rendered":"Passaporto per maggiorenni"},"content":{"rendered":"<header class=\"entry-header\"><strong>Procedura per la richiesta del passaporto<\/strong><\/p>\n<p style=\"text-align: justify;\">Se sei iscritto all\u2019AIRE, \u00a0il tuo stato civile \u00e8 aggiornato e il tuo ultimo passaporto \u00e8 stato rilasciato da questo Ufficio Consolare, puoi prenotare un appuntamento sul sito\u00a0<a href=\"https:\/\/prenotami.esteri.it\/\">https:\/\/prenotami.esteri.it\/<\/a>.<\/p>\n<p style=\"text-align: justify;\">Se il tuo ultimo passaporto risulta rilasciato da altro Ente (controllare pag. 4 del passaporto), prima di rilasciare il passaporto l\u2019Ambasciata dovr\u00e0 chiedere una specifica autorizzazione e delega all\u2019emissione del passaporto alla Questura italiana o all\u2019Ambasciata o Consolato del luogo nel quale \u00e8 stato rilasciato. Si richiede quindi di inviare in anticipo tramite e-mail a <a href=\"mailto:cons.dar@esteri.it\"><strong>cons.dar@esteri.it<\/strong><\/a> la scansione del modulo di richiesta compilato, del passaporto (solo la pagina 2 con i dati anagrafici e la pagina 4 con la specifica dell\u2019autorit\u00e0 che lo ha rilasciato)\u00a0 il visto tanzaniano di residenza, al fine di richiedere il Nulla Osta necessario.<\/p>\n<p style=\"text-align: justify;\">Il giorno dell\u2019appuntamento dovrai presentarti in Ambasciata con la seguente documentazione:<\/p>\n<ul style=\"text-align: justify;\">\n<li>il\u00a0<a href=\"https:\/\/ambdaressalaam.esteri.it\/wp-content\/uploads\/2023\/10\/Modulo-richiesta-rilascio-passaporto.pdf\"><strong>modulo di richiesta\u00a0<\/strong><\/a>di emissione del nuovo passaporto debitamente compilato;<\/li>\n<li>Una fotografia nel formato comunemente disponibile alle macchinette automatiche per il passaporto, con fondo bianco, \u00a0conformi agli standard internazionali ICAO (<a href=\"https:\/\/ambtokyo.esteri.it\/wp-content\/uploads\/2022\/08\/icao.jpg\">vedi esempio<\/a>). Non saranno accettate foto fatte con lo smartphone o foto che non risultino corrispondenti alle sembianze attuali del richiedente.<\/li>\n<li>il passaporto in scadenza o scaduto;<\/li>\n<li>se si hanno altre cittadinanze anche il corrispondente passaporto se ne sei titolare;<\/li>\n<li>la somma in contanti\u00a0<strong>in Tanzania Scellini\u00a0<\/strong>corrispondente a 322.000,00 Tsh (consulta le <strong>tariffe consolari<\/strong>). Nel caso di smarrimento\/furto del passaporto, occorre la copia della denuncia di smarrimento\/furto effettuata presso le autorit\u00e0 locali. Puoi presentare denuncia di smarrimento presso un qualsiasi posto di polizia tanzaniana, e riceverai una dichiarazione di furto\/smarrimento. Custodisci con attenzione il documento ricevuto, per mostrarlo quando ti recherai presso l\u2019Ambasciata al momento della richiesta del nuovo passaporto.<\/li>\n<\/ul>\n<p style=\"text-align: justify;\">Se NON sei residente in Tanzania o NON sei iscritto all\u2019AIRE, l\u2019Ufficio Consolari potranno emettere un ETD (Emergency Travel Document) per permettere il rientro in Italia o nello Stato Membro UE di residenza.<\/p>\n<p style=\"text-align: justify;\">Per ulteriori informazioni puoi chiamare il numero: 022 2115935\/6 o inviare un email all\u2019indirizzo cons.dar@esteri.it<\/p>\n<p style=\"text-align: justify;\"><strong>Informazioni utili<\/strong><\/p>\n<p style=\"text-align: justify;\">Se il tuo passaporto \u00e8 in scadenza o \u00e8 gi\u00e0 scaduto puoi chiedere all\u2019Ambasciata il rilascio di un nuovo libretto. Puoi farlo non prima di sei mesi dalla data di scadenza del passaporto di cui sei in possesso.<\/p>\n<p style=\"text-align: justify;\">Se il libretto risulta danneggiato, illeggibile oppure non dispone pi\u00f9 di pagine vuote, puoi contattare l\u2019Ambasciata per verificare come procedere per avere un nuovo passaporto prima della scadenza naturale di quello di cui sei titolare.<\/p>\n<p style=\"text-align: justify;\">Se stai pianificando un viaggio in un Paese che per l\u2019ingresso richiede che il tuo passaporto abbia una validit\u00e0 residua di almeno sei mesi, ti consigliamo, per evitare spiacevoli sorprese in aeroporto alle partenze o agli arrivi, di organizzarti in anticipo e di chiedere il rilascio di un nuovo passaporto.<\/p>\n<p style=\"text-align: justify;\">In generale, una volta che avrai ottenuto il nuovo passaporto, non dovrai notificarlo alle autorit\u00e0 tanzaniane. Tuttavia, a solo titolo precauzionale, ti raccomandiamo di portare con te, al primo viaggio al di fuori del territorio tanzaniano, anche il vecchio passaporto annullato dove sono presenti il timbro di ingresso \u00a0e il permesso di soggiorno della Tanzania.<\/p>\n<p style=\"text-align: justify;\">Per quanto riguarda la tua permanenza in Tanzania\u00a0 ti ricordiamo che l\u2019Ambasciata non ha nessuna competenza in materia di rinnovo dei titoli di soggiorno rilasciati dal governo tanzaniano e che \u00e8 tua responsabilit\u00e0 essere in regola con le procedure per il rinnovo del permesso di soggiorno .<\/p>\n<p style=\"text-align: justify;\">Se hai acquistato la cittadinanza italiana in Italia o presso un\u2019altra rappresentanza diplomatico\/consolare e desideri richiedere il tuo primo passaporto \u00e8 necessario che ci presenti anche un documento che comprovi l\u2019avvenuto conferimento della cittadinanza (certificato di cittadinanza\/copia conforme del verbale di giuramento).<\/p>\n<\/header>\n<div class=\"entry-content\">\n<p>&nbsp;<\/p>\n<\/div>\n","protected":false},"excerpt":{"rendered":"Procedura per la richiesta del passaporto Se sei iscritto all\u2019AIRE, \u00a0il tuo stato civile \u00e8 aggiornato e il tuo ultimo passaporto \u00e8 stato rilasciato da questo Ufficio Consolare, puoi prenotare un appuntamento sul sito\u00a0https:\/\/prenotami.esteri.it\/. Se il tuo ultimo passaporto risulta rilasciato da altro Ente (controllare pag. 4 del passaporto), prima di rilasciare il passaporto l\u2019Ambasciata [&hellip;]","protected":false},"author":4,"featured_media":0,"parent":47,"menu_order":0,"comment_status":"closed","ping_status":"closed","template":"","meta":{"footnotes":""},"class_list":["post-397","page","type-page","status-publish","hentry"],"_links":{"self":[{"href":"https:\/\/ambdaressalaam.esteri.it\/it\/wp-json\/wp\/v2\/pages\/397","targetHints":{"allow":["GET"]}}],"collection":[{"href":"https:\/\/ambdaressalaam.esteri.it\/it\/wp-json\/wp\/v2\/pages"}],"about":[{"href":"https:\/\/ambdaressalaam.esteri.it\/it\/wp-json\/wp\/v2\/types\/page"}],"author":[{"embeddable":true,"href":"https:\/\/ambdaressalaam.esteri.it\/it\/wp-json\/wp\/v2\/users\/4"}],"replies":[{"embeddable":true,"href":"https:\/\/ambdaressalaam.esteri.it\/it\/wp-json\/wp\/v2\/comments?post=397"}],"version-history":[{"count":7,"href":"https:\/\/ambdaressalaam.esteri.it\/it\/wp-json\/wp\/v2\/pages\/397\/revisions"}],"predecessor-version":[{"id":4021,"href":"https:\/\/ambdaressalaam.esteri.it\/it\/wp-json\/wp\/v2\/pages\/397\/revisions\/4021"}],"up":[{"embeddable":true,"href":"https:\/\/ambdaressalaam.esteri.it\/it\/wp-json\/wp\/v2\/pages\/47"}],"wp:attachment":[{"href":"https:\/\/ambdaressalaam.esteri.it\/it\/wp-json\/wp\/v2\/media?parent=397"}],"curies":[{"name":"wp","href":"https:\/\/api.w.org\/{rel}","templated":true}]}}